{"id":834,"date":"2024-04-10T05:40:07","date_gmt":"2024-04-10T05:40:07","guid":{"rendered":"https:\/\/gelecekyolumedikal.com\/product\/electrocardiogram-ecg\/"},"modified":"2024-04-10T17:19:53","modified_gmt":"2024-04-10T17:19:53","slug":"electrocardiogram-ecg","status":"publish","type":"product","link":"https:\/\/gelecekyolumedikal.com\/tr\/urun\/electrocardiogram-ecg\/","title":{"rendered":"Electrocardiogram (ECG)"},"content":{"rendered":"<h2>Elektrokardiyogram (EKG) Nedir?<\/h2>\n<p>Elektrokardiyogram (EKG), kalbin elektriksel aktivitesini \u00f6l\u00e7en bir t\u0131bbi testtir. Doktorlara \u00e7e\u015fitli kalp ko\u015fullar\u0131n\u0131 te\u015fhis etme ve izleme konusunda yard\u0131mc\u0131 olan basit ve a\u011fr\u0131s\u0131z bir prosed\u00fcrd\u00fcr.<\/p>\n<h2>EKG Nas\u0131l \u00c7al\u0131\u015f\u0131r?<\/h2>\n<p>Bir EKG s\u0131ras\u0131nda, k\u00fc\u00e7\u00fck elektrotlar g\u00f6\u011f\u00fcs, kollar ve bacaklara yerle\u015ftirilir. Bu elektrotlar, kalp taraf\u0131ndan \u00fcretilen elektrik sinyallerini alg\u0131lar. Sinyaller daha sonra kaydedilir ve bir grafik \u00fczerinde g\u00f6r\u00fcnt\u00fclenir; bu grafik kalbin ritmini ve herhangi bir anormalli\u011fi g\u00f6sterir.<\/p>\n<h2>Neden Bir EKG \u00d6nemlidir?<\/h2>\n<p>Bir EKG, aritmi, kalp krizi ve kalp kapak sorunlar\u0131 gibi \u00e7e\u015fitli kalp ko\u015fullar\u0131n\u0131n te\u015fhisi i\u00e7in \u00f6nemli bir ara\u00e7t\u0131r. Ayr\u0131ca, kalp ko\u015fullar\u0131 i\u00e7in ila\u00e7lar\u0131n ve tedavilerin etkinli\u011fini izlemeye yard\u0131mc\u0131 olabilir. EKG&#8217;deki desenleri ve anormallikleri analiz ederek, doktorlar kalbin genel sa\u011fl\u0131\u011f\u0131n\u0131 belirleyebilir ve tedavi i\u00e7in en iyi yol hakk\u0131nda bilin\u00e7li kararlar verebilirler.<\/p>\n<p>Sonu\u00e7 olarak, EKG, kalbin elektriksel aktivitesi hakk\u0131nda de\u011ferli bilgiler sa\u011flayan ve doktorlar\u0131n hastalar\u0131n\u0131n iyili\u011fini sa\u011flamak ve uygun bak\u0131m\u0131 sa\u011flamak i\u00e7in \u00f6nemli bir tan\u0131 arac\u0131d\u0131r.<\/p>\n","protected":false},"excerpt":{"rendered":"<p>Elektrokardiyogram (EKG):<\/p>\n<p>Elektrokardiyogram, genellikle EKG veya EKG olarak k\u0131salt\u0131lan, kalbin elektriksel aktivitesini \u00f6l\u00e7en bir tan\u0131 testidir. Kalbin atarken \u00fcretti\u011fi elektrik sinyallerini kaydeder ve kalp h\u0131z\u0131, ritim ve genel kardiyak sa\u011fl\u0131k hakk\u0131nda de\u011ferli bilgiler sa\u011flar. EKG&#8217;ler, \u00e7e\u015fitli kalp ko\u015fullar\u0131n\u0131 tespit etmek i\u00e7in yayg\u0131n olarak kullan\u0131l\u0131r; bu, aritmi, kalp krizi ve kalbin yap\u0131s\u0131nda anormallikler gibi durumlar\u0131 i\u00e7erir. Bu invaziv olmayan test, kardiyovask\u00fcler hastal\u0131klar\u0131n tan\u0131 ve tedavisinde yard\u0131mc\u0131 olmak i\u00e7in t\u0131bbi ortamlarda geni\u015f bir \u015fekilde kullan\u0131l\u0131r.<\/p>\n","protected":false},"featured_media":695,"comment_status":"open","ping_status":"closed","template":"","meta":{"site-sidebar-layout":"default","site-content-layout":"","ast-site-content-layout":"default","site-content-style":"default","site-sidebar-style":"default","ast-global-header-display":"","ast-banner-title-visibility":"","ast-main-header-display":"","ast-hfb-above-header-display":"","ast-hfb-below-header-display":"","ast-hfb-mobile-header-display":"","site-post-title":"","ast-breadcrumbs-content":"","ast-featured-img":"","footer-sml-layout":"","ast-disable-related-posts":"","theme-transparent-header-meta":"default","adv-header-id-meta":"","stick-header-meta":"default","header-above-stick-meta":"","header-main-stick-meta":"","header-below-stick-meta":"","astra-migrate-meta-layouts":"set","ast-page-background-enabled":"default","ast-page-background-meta":{"desktop":{"background-color":"var(--ast-global-color-4)","background-image":"","background-repeat":"repeat","background-position":"center center","background-size":"auto","background-attachment":"scroll","background-type":"","background-media":"","overlay-type":"","overlay-color":"","overlay-opacity":"","overlay-gradient":""},"tablet":{"background-color":"","background-image":"","background-repeat":"repeat","background-position":"center center","background-size":"auto","background-attachment":"scroll","background-type":"","background-media":"","overlay-type":"","overlay-color":"","overlay-opacity":"","overlay-gradient":""},"mobile":{"background-color":"","background-image":"","background-repeat":"repeat","background-position":"center center","background-size":"auto","background-attachment":"scroll","background-type":"","background-media":"","overlay-type":"","overlay-color":"","overlay-opacity":"","overlay-gradient":""}},"ast-content-background-meta":{"desktop":{"background-color":"var(--ast-global-color-5)","background-image":"","background-repeat":"repeat","background-position":"center center","background-size":"auto","background-attachment":"scroll","background-type":"","background-media":"","overlay-type":"","overlay-color":"","overlay-opacity":"","overlay-gradient":""},"tablet":{"background-color":"var(--ast-global-color-5)","background-image":"","background-repeat":"repeat","background-position":"center center","background-size":"auto","background-attachment":"scroll","background-type":"","background-media":"","overlay-type":"","overlay-color":"","overlay-opacity":"","overlay-gradient":""},"mobile":{"background-color":"var(--ast-global-color-5)","background-image":"","background-repeat":"repeat","background-position":"center center","background-size":"auto","background-attachment":"scroll","background-type":"","background-media":"","overlay-type":"","overlay-color":"","overlay-opacity":"","overlay-gradient":""}}},"product_brand":[],"product_cat":[159],"product_tag":[],"class_list":{"0":"post-834","1":"product","2":"type-product","3":"status-publish","4":"has-post-thumbnail","6":"product_cat-tibbi-cihazlar-tr","7":"desktop-align-left","8":"tablet-align-left","9":"mobile-align-left","10":"ast-product-gallery-layout-horizontal-slider","11":"ast-product-gallery-with-no-image","12":"ast-product-tabs-layout-horizontal","14":"first","15":"instock","16":"shipping-taxable","17":"product-type-simple"},"aioseo_notices":[],"_links":{"self":[{"href":"https:\/\/gelecekyolumedikal.com\/tr\/wp-json\/wp\/v2\/product\/834","targetHints":{"allow":["GET"]}}],"collection":[{"href":"https:\/\/gelecekyolumedikal.com\/tr\/wp-json\/wp\/v2\/product"}],"about":[{"href":"https:\/\/gelecekyolumedikal.com\/tr\/wp-json\/wp\/v2\/types\/product"}],"replies":[{"embeddable":true,"href":"https:\/\/gelecekyolumedikal.com\/tr\/wp-json\/wp\/v2\/comments?post=834"}],"wp:featuredmedia":[{"embeddable":true,"href":"https:\/\/gelecekyolumedikal.com\/tr\/wp-json\/wp\/v2\/media\/695"}],"wp:attachment":[{"href":"https:\/\/gelecekyolumedikal.com\/tr\/wp-json\/wp\/v2\/media?parent=834"}],"wp:term":[{"taxonomy":"product_brand","embeddable":true,"href":"https:\/\/gelecekyolumedikal.com\/tr\/wp-json\/wp\/v2\/product_brand?post=834"},{"taxonomy":"product_cat","embeddable":true,"href":"https:\/\/gelecekyolumedikal.com\/tr\/wp-json\/wp\/v2\/product_cat?post=834"},{"taxonomy":"product_tag","embeddable":true,"href":"https:\/\/gelecekyolumedikal.com\/tr\/wp-json\/wp\/v2\/product_tag?post=834"}],"curies":[{"name":"wp","href":"https:\/\/api.w.org\/{rel}","templated":true}]}}