{"id":811,"date":"2024-04-09T22:26:31","date_gmt":"2024-04-09T22:26:31","guid":{"rendered":"https:\/\/gelecekyolumedikal.com\/product\/810\/"},"modified":"2024-04-10T17:15:58","modified_gmt":"2024-04-10T17:15:58","slug":"810","status":"publish","type":"product","link":"https:\/\/gelecekyolumedikal.com\/tr\/urun\/810\/","title":{"rendered":"Ambulans perdesi"},"content":{"rendered":"<p>Ambulans perdesi, acil t\u0131bbi ta\u015f\u0131man\u0131n hayati bir bile\u015fenidir ve hastalara ge\u00e7i\u015f s\u0131ras\u0131nda gizlilik ve konfor sa\u011flamak \u00fczere tasarlanm\u0131\u015ft\u0131r. Dayan\u0131kl\u0131 ve kolay temizlenebilir malzemelerden yap\u0131lan bu perde, hastan\u0131n gizlili\u011fini sa\u011flarken hastalarla acil t\u0131bbi ekibi aras\u0131nda bir engel olu\u015fturur. H\u0131zl\u0131 ve g\u00fcvenli ba\u011flant\u0131 mekanizmas\u0131yla, ambulans perdesi etkili ve g\u00fcvenli bir ta\u015f\u0131may\u0131 kolayla\u015ft\u0131r\u0131r, hem hastalar hem de t\u0131bbi personel i\u00e7in genel deneyimi geli\u015ftirir.<\/p>\n","protected":false},"excerpt":{"rendered":"<p>Bir ambulans perdesi, t\u0131bbi acil durumlar veya hasta ta\u015f\u0131ma s\u0131ras\u0131nda ambulans i\u00e7inde gizlilik sa\u011flamak i\u00e7in kullan\u0131lan \u00f6zel bir perde t\u00fcr\u00fcd\u00fcr. Genellikle dayan\u0131kl\u0131, kolay temizlenebilir kuma\u015ftan yap\u0131lm\u0131\u015ft\u0131r ve ambulans\u0131n i\u00e7ine h\u0131zl\u0131 ve g\u00fcvenli bir \u015fekilde tak\u0131lmak \u00fczere tasarlanm\u0131\u015ft\u0131r. Ambulans perdeleri, hasta gizlili\u011fini korumaya ve hastayla geri kalan ambulans ekibi aras\u0131nda bir engel olu\u015fturmaya yard\u0131mc\u0131 olur, b\u00f6ylece transit s\u0131ras\u0131nda rahat ve g\u00fcvenli bir ortam sa\u011flar.<\/p>\n","protected":false},"featured_media":688,"comment_status":"open","ping_status":"closed","template":"","meta":{"site-sidebar-layout":"default","site-content-layout":"","ast-site-content-layout":"default","site-content-style":"default","site-sidebar-style":"default","ast-global-header-display":"","ast-banner-title-visibility":"","ast-main-header-display":"","ast-hfb-above-header-display":"","ast-hfb-below-header-display":"","ast-hfb-mobile-header-display":"","site-post-title":"","ast-breadcrumbs-content":"","ast-featured-img":"","footer-sml-layout":"","ast-disable-related-posts":"","theme-transparent-header-meta":"default","adv-header-id-meta":"","stick-header-meta":"default","header-above-stick-meta":"","header-main-stick-meta":"","header-below-stick-meta":"","astra-migrate-meta-layouts":"set","ast-page-background-enabled":"default","ast-page-background-meta":{"desktop":{"background-color":"var(--ast-global-color-4)","background-image":"","background-repeat":"repeat","background-position":"center center","background-size":"auto","background-attachment":"scroll","background-type":"","background-media":"","overlay-type":"","overlay-color":"","overlay-opacity":"","overlay-gradient":""},"tablet":{"background-color":"","background-image":"","background-repeat":"repeat","background-position":"center center","background-size":"auto","background-attachment":"scroll","background-type":"","background-media":"","overlay-type":"","overlay-color":"","overlay-opacity":"","overlay-gradient":""},"mobile":{"background-color":"","background-image":"","background-repeat":"repeat","background-position":"center center","background-size":"auto","background-attachment":"scroll","background-type":"","background-media":"","overlay-type":"","overlay-color":"","overlay-opacity":"","overlay-gradient":""}},"ast-content-background-meta":{"desktop":{"background-color":"var(--ast-global-color-5)","background-image":"","background-repeat":"repeat","background-position":"center center","background-size":"auto","background-attachment":"scroll","background-type":"","background-media":"","overlay-type":"","overlay-color":"","overlay-opacity":"","overlay-gradient":""},"tablet":{"background-color":"var(--ast-global-color-5)","background-image":"","background-repeat":"repeat","background-position":"center center","background-size":"auto","background-attachment":"scroll","background-type":"","background-media":"","overlay-type":"","overlay-color":"","overlay-opacity":"","overlay-gradient":""},"mobile":{"background-color":"var(--ast-global-color-5)","background-image":"","background-repeat":"repeat","background-position":"center center","background-size":"auto","background-attachment":"scroll","background-type":"","background-media":"","overlay-type":"","overlay-color":"","overlay-opacity":"","overlay-gradient":""}}},"product_brand":[],"product_cat":[158],"product_tag":[150,149],"class_list":{"0":"post-811","1":"product","2":"type-product","3":"status-publish","4":"has-post-thumbnail","6":"product_cat-hastane-mobilyalari-tr","7":"product_tag-urun-etiketleri-turkcedir","8":"product_tag-dogru","9":"desktop-align-left","10":"tablet-align-left","11":"mobile-align-left","12":"ast-product-gallery-layout-horizontal-slider","13":"ast-product-gallery-with-no-image","14":"ast-product-tabs-layout-horizontal","16":"first","17":"instock","18":"shipping-taxable","19":"product-type-simple"},"aioseo_notices":[],"_links":{"self":[{"href":"https:\/\/gelecekyolumedikal.com\/tr\/wp-json\/wp\/v2\/product\/811","targetHints":{"allow":["GET"]}}],"collection":[{"href":"https:\/\/gelecekyolumedikal.com\/tr\/wp-json\/wp\/v2\/product"}],"about":[{"href":"https:\/\/gelecekyolumedikal.com\/tr\/wp-json\/wp\/v2\/types\/product"}],"replies":[{"embeddable":true,"href":"https:\/\/gelecekyolumedikal.com\/tr\/wp-json\/wp\/v2\/comments?post=811"}],"wp:featuredmedia":[{"embeddable":true,"href":"https:\/\/gelecekyolumedikal.com\/tr\/wp-json\/wp\/v2\/media\/688"}],"wp:attachment":[{"href":"https:\/\/gelecekyolumedikal.com\/tr\/wp-json\/wp\/v2\/media?parent=811"}],"wp:term":[{"taxonomy":"product_brand","embeddable":true,"href":"https:\/\/gelecekyolumedikal.com\/tr\/wp-json\/wp\/v2\/product_brand?post=811"},{"taxonomy":"product_cat","embeddable":true,"href":"https:\/\/gelecekyolumedikal.com\/tr\/wp-json\/wp\/v2\/product_cat?post=811"},{"taxonomy":"product_tag","embeddable":true,"href":"https:\/\/gelecekyolumedikal.com\/tr\/wp-json\/wp\/v2\/product_tag?post=811"}],"curies":[{"name":"wp","href":"https:\/\/api.w.org\/{rel}","templated":true}]}}