{"id":746,"date":"2024-03-25T20:51:10","date_gmt":"2024-03-25T20:51:10","guid":{"rendered":"https:\/\/gelecekyolumedikal.com\/?page_id=746"},"modified":"2024-10-31T14:23:23","modified_gmt":"2024-10-31T14:23:23","slug":"bize-ulasin","status":"publish","type":"page","link":"https:\/\/gelecekyolumedikal.com\/tr\/bize-ulasin\/","title":{"rendered":"Bize ula\u015f\u0131n"},"content":{"rendered":"\t\t<div data-elementor-type=\"wp-page\" data-elementor-id=\"746\" class=\"elementor elementor-746 elementor-29\" wpc-filter-elementor-widget=\"1\" data-elementor-post-type=\"page\">\n\t\t\t\t<div class=\"elementor-element elementor-element-f7dc9c9 e-flex e-con-boxed e-con e-parent\" data-id=\"f7dc9c9\" data-element_type=\"container\" data-e-type=\"container\">\n\t\t\t\t\t<div class=\"e-con-inner\">\n\t\t\t\t<div class=\"elementor-element elementor-element-fb5427d elementor-widget__width-inherit elementor--h-position-center elementor--v-position-middle elementor-arrows-position-inside elementor-pagination-position-inside elementor-widget elementor-widget-slides\" data-id=\"fb5427d\" data-element_type=\"widget\" data-e-type=\"widget\" data-settings=\"{&quot;navigation&quot;:&quot;both&quot;,&quot;autoplay&quot;:&quot;yes&quot;,&quot;pause_on_hover&quot;:&quot;yes&quot;,&quot;pause_on_interaction&quot;:&quot;yes&quot;,&quot;autoplay_speed&quot;:5000,&quot;infinite&quot;:&quot;yes&quot;,&quot;transition&quot;:&quot;slide&quot;,&quot;transition_speed&quot;:500}\" data-widget_type=\"slides.default\">\n\t\t\t\t\t\t\t\t\t\t<div class=\"elementor-slides-wrapper elementor-main-swiper swiper\" role=\"region\" aria-roledescription=\"carousel\" aria-label=\"Slides\" dir=\"ltr\" data-animation=\"fadeInUp\">\n\t\t\t\t<div class=\"swiper-wrapper elementor-slides\">\n\t\t\t\t\t\t\t\t\t\t<div class=\"elementor-repeater-item-17eeb3d swiper-slide\" role=\"group\" aria-roledescription=\"slide\"><div class=\"swiper-slide-bg\" role=\"img\"><\/div><div class=\"elementor-background-overlay\"><\/div><div class=\"swiper-slide-inner\" ><div class=\"swiper-slide-contents\"><div class=\"elementor-slide-heading\">Bize Ula\u015f\u0131n<\/div><\/div><\/div><\/div>\t\t\t\t<\/div>\n\t\t\t\t\t\t\t<\/div>\n\t\t\t\t\t\t\t\t<\/div>\n\t\t\t\t\t<\/div>\n\t\t\t\t<\/div>\n\t\t<div class=\"elementor-element elementor-element-eef64d4 e-flex e-con-boxed e-con e-parent\" data-id=\"eef64d4\" data-element_type=\"container\" data-e-type=\"container\">\n\t\t\t\t\t<div class=\"e-con-inner\">\n\t\t<div class=\"elementor-element elementor-element-ee76d28 e-con-full e-flex e-con e-child\" data-id=\"ee76d28\" data-element_type=\"container\" data-e-type=\"container\">\n\t\t\t\t<div class=\"elementor-element elementor-element-d322237 elementor-widget elementor-widget-google_maps\" data-id=\"d322237\" data-element_type=\"widget\" data-e-type=\"widget\" data-widget_type=\"google_maps.default\">\n\t\t\t\t\t\t\t<div class=\"elementor-custom-embed\">\n\t\t\t<iframe loading=\"lazy\"\n\t\t\t\t\tsrc=\"https:\/\/maps.google.com\/maps?q=Ye%C5%9Filyurt%2C%20S%C3%BCsen%20Sk.%20No%3A2%20D1%2C%2034149%20Bak%C4%B1rk%C3%B6y%2F%C4%B0stanbul&#038;t=m&#038;z=12&#038;output=embed&#038;iwloc=near\"\n\t\t\t\t\ttitle=\"Ye\u015filyurt, S\u00fcsen Sk. No:2 D1, 34149 Bak\u0131rk\u00f6y\/\u0130stanbul\"\n\t\t\t\t\taria-label=\"Ye\u015filyurt, S\u00fcsen Sk. No:2 D1, 34149 Bak\u0131rk\u00f6y\/\u0130stanbul\"\n\t\t\t><\/iframe>\n\t\t<\/div>\n\t\t\t\t\t\t<\/div>\n\t\t\t\t<\/div>\n\t\t<div class=\"elementor-element elementor-element-a5cf4b2 e-con-full e-flex e-con e-child\" data-id=\"a5cf4b2\" data-element_type=\"container\" data-e-type=\"container\" data-settings=\"{&quot;background_background&quot;:&quot;classic&quot;}\">\n\t\t\t\t<div class=\"elementor-element elementor-element-a2ad4a1 elementor-widget elementor-widget-premium-addon-title\" data-id=\"a2ad4a1\" data-element_type=\"widget\" data-e-type=\"widget\" data-widget_type=\"premium-addon-title.default\">\n\t\t\t\t\t\n\t\t<div class=\"premium-title-wrapper\">\n\t\t\t<div class=\"premium-title-container style9\">\n\t\t\t\t<h2 class=\"premium-title-header premium-title-style9 premium-con-lq__\" data-blur-delay=\"2\">\n\t\t\t\t\t\n\t\t\t\t\t\n\t\t\t\t\t\t\t\t\t\t<span><span class=\"premium-title-style9-letter\" data-letter-index=\"1\" data-letter=\"\u0130\">\u0130<\/span><span class=\"premium-title-style9-letter\" data-letter-index=\"2\" data-letter=\"l\">l<\/span><span class=\"premium-title-style9-letter\" data-letter-index=\"3\" data-letter=\"e\">e<\/span><span class=\"premium-title-style9-letter\" data-letter-index=\"4\" data-letter=\"t\">t<\/span><span class=\"premium-title-style9-letter\" data-letter-index=\"5\" data-letter=\"i\">i<\/span><span class=\"premium-title-style9-letter\" data-letter-index=\"6\" data-letter=\"\u015f\">\u015f<\/span><span class=\"premium-title-style9-letter\" data-letter-index=\"7\" data-letter=\"i\">i<\/span><span class=\"premium-title-style9-letter\" data-letter-index=\"8\" data-letter=\"m\">m<\/span><span class=\"premium-title-style9-letter\" data-letter-index=\"9\" data-letter=\" \"> <\/span><span class=\"premium-title-style9-letter\" data-letter-index=\"10\" data-letter=\"D\">D<\/span><span class=\"premium-title-style9-letter\" data-letter-index=\"11\" data-letter=\"e\">e<\/span><span class=\"premium-title-style9-letter\" data-letter-index=\"12\" data-letter=\"t\">t<\/span><span class=\"premium-title-style9-letter\" data-letter-index=\"13\" data-letter=\"a\">a<\/span><span class=\"premium-title-style9-letter\" data-letter-index=\"14\" data-letter=\"y\">y<\/span><span class=\"premium-title-style9-letter\" data-letter-index=\"15\" data-letter=\"l\">l<\/span><span class=\"premium-title-style9-letter\" data-letter-index=\"16\" data-letter=\"a\">a<\/span><span class=\"premium-title-style9-letter\" data-letter-index=\"17\" data-letter=\"r\">r<\/span><span class=\"premium-title-style9-letter\" data-letter-index=\"18\" data-letter=\"\u0131\">\u0131<\/span><\/span>\t\t\t\t\t\n\t\t\t\t\t\t\t\t\t\t\n\t\t\t\t\t\t\t\t\t<\/h2>\n\n\t\t\t<\/div>\n\n\t\t\t\t\t<\/div>\n\n\t\t\t\t\t\t<\/div>\n\t\t\t\t<div class=\"elementor-element elementor-element-1b19420 elementor-widget elementor-widget-heading\" data-id=\"1b19420\" data-element_type=\"widget\" data-e-type=\"widget\" data-widget_type=\"heading.default\">\n\t\t\t\t\t<h3 class=\"elementor-heading-title elementor-size-default\">Konumu Bul:<\/h3>\t\t\t\t<\/div>\n\t\t\t\t<div class=\"elementor-element elementor-element-7d2324c elementor-widget elementor-widget-text-editor\" data-id=\"7d2324c\" data-element_type=\"widget\" data-e-type=\"widget\" data-widget_type=\"text-editor.default\">\n\t\t\t\t\t\t\t\t\t<p style=\"text-align: left;\">Ye\u015filyurt, S\u00fcsen Sk. No:2 D1, 34149 Bak\u0131rk\u00f6y\/\u0130stanbul<\/p>\t\t\t\t\t\t\t\t<\/div>\n\t\t\t\t<div class=\"elementor-element elementor-element-77bf007 elementor-widget elementor-widget-heading\" data-id=\"77bf007\" data-element_type=\"widget\" data-e-type=\"widget\" data-widget_type=\"heading.default\">\n\t\t\t\t\t<h3 class=\"elementor-heading-title elementor-size-default\">Bizi Ara 24\/7 <\/h3>\t\t\t\t<\/div>\n\t\t\t\t<div class=\"elementor-element elementor-element-c26c07d elementor-widget elementor-widget-text-editor\" data-id=\"c26c07d\" data-element_type=\"widget\" data-e-type=\"widget\" data-widget_type=\"text-editor.default\">\n\t\t\t\t\t\t\t\t\t<p><strong>+90 536 707 32 70<br \/>+90 530 141 20 70<br \/><\/strong><\/p><p>\u00a0<\/p>\t\t\t\t\t\t\t\t<\/div>\n\t\t\t\t<div class=\"elementor-element elementor-element-0688bb1 elementor-widget elementor-widget-heading\" data-id=\"0688bb1\" data-element_type=\"widget\" data-e-type=\"widget\" data-widget_type=\"heading.default\">\n\t\t\t\t\t<h3 class=\"elementor-heading-title elementor-size-default\">Bize E-posta G\u00f6nder<\/h3>\t\t\t\t<\/div>\n\t\t\t\t<div class=\"elementor-element elementor-element-ec1e077 elementor-widget elementor-widget-text-editor\" data-id=\"ec1e077\" data-element_type=\"widget\" data-e-type=\"widget\" data-widget_type=\"text-editor.default\">\n\t\t\t\t\t\t\t\t\t<h6 style=\"text-align: left;\"><span style=\"color: #ffffff;\">info@gelecekyolumedikal.com<\/span><\/h6>\t\t\t\t\t\t\t\t<\/div>\n\t\t\t\t<\/div>\n\t\t\t\t\t<\/div>\n\t\t\t\t<\/div>\n\t\t<div class=\"elementor-element elementor-element-c9181e3 e-flex e-con-boxed e-con e-parent\" data-id=\"c9181e3\" data-element_type=\"container\" data-e-type=\"container\">\n\t\t\t\t\t<div class=\"e-con-inner\">\n\t\t<div class=\"elementor-element elementor-element-5732a0d e-con-full e-flex e-con e-child\" data-id=\"5732a0d\" data-element_type=\"container\" data-e-type=\"container\">\n\t\t\t\t<div class=\"elementor-element elementor-element-6dfe39f elementor-widget__width-initial elementor-widget elementor-widget-shortcode\" data-id=\"6dfe39f\" data-element_type=\"widget\" data-e-type=\"widget\" data-widget_type=\"shortcode.default\">\n\t\t\t\t\t\t\t<div class=\"elementor-shortcode\"><style id=\"wpforms-css-vars-394\">\n\t\t\t\t#wpforms-394 {\n\t\t\t\t\n\t\t\t}\n\t\t\t<\/style><div class=\"wpforms-container wpforms-container-full wpforms-render-modern\" id=\"wpforms-394\"><form id=\"wpforms-form-394\" class=\"wpforms-validate wpforms-form wpforms-ajax-form\" data-formid=\"394\" method=\"post\" enctype=\"multipart\/form-data\" action=\"\/tr\/wp-json\/wp\/v2\/pages\/746\" data-token=\"486ba3e5a9649e5b187798d59d373e01\" data-token-time=\"1777817576\"><noscript class=\"wpforms-error-noscript\">Bu formu bitirebilmek i\u00e7in taray\u0131c\u0131n\u0131zda JavaScript&#039;i etkinle\u015ftirin.<\/noscript><div id=\"wpforms-error-noscript\" style=\"display: none;\">Bu formu bitirebilmek i\u00e7in taray\u0131c\u0131n\u0131zda JavaScript&#039;i etkinle\u015ftirin.<\/div><div class=\"wpforms-field-container\"><div id=\"wpforms-394-field_0-container\" class=\"wpforms-field wpforms-field-name\" data-field-id=\"0\"><label class=\"wpforms-field-label\" for=\"wpforms-394-field_0\">Ad\u0131n\u0131z Soyad\u0131n\u0131z <span class=\"wpforms-required-label\" aria-hidden=\"true\">*<\/span><\/label><input type=\"text\" id=\"wpforms-394-field_0\" class=\"wpforms-field-medium wpforms-field-required\" name=\"wpforms[fields][0]\" aria-errormessage=\"wpforms-394-field_0-error\" required><\/div><div id=\"wpforms-394-field_1-container\" class=\"wpforms-field wpforms-field-email\" data-field-id=\"1\"><label class=\"wpforms-field-label\" for=\"wpforms-394-field_1\">Email <span class=\"wpforms-required-label\" aria-hidden=\"true\">*<\/span><\/label><input type=\"email\" id=\"wpforms-394-field_1\" class=\"wpforms-field-medium wpforms-field-required\" name=\"wpforms[fields][1]\" spellcheck=\"false\" aria-errormessage=\"wpforms-394-field_1-error\" required><\/div><div id=\"wpforms-394-field_2-container\" class=\"wpforms-field wpforms-field-textarea\" data-field-id=\"2\"><label class=\"wpforms-field-label\" for=\"wpforms-394-field_2\">Yorum veya Mesaj <span class=\"wpforms-required-label\" aria-hidden=\"true\">*<\/span><\/label><textarea id=\"wpforms-394-field_2\" class=\"wpforms-field-medium wpforms-field-required\" name=\"wpforms[fields][2]\" aria-errormessage=\"wpforms-394-field_2-error\" aria-describedby=\"wpforms-394-field_2-description\" required><\/textarea><div id=\"wpforms-394-field_2-description\" class=\"wpforms-field-description\">Yorum veya Mesaj<\/div><\/div><\/div><!-- .wpforms-field-container --><div class=\"wpforms-submit-container\" ><input type=\"hidden\" name=\"wpforms[id]\" value=\"394\"><input type=\"hidden\" name=\"page_title\" value=\"\"><input type=\"hidden\" name=\"page_url\" value=\"https:\/\/gelecekyolumedikal.com\/tr\/wp-json\/wp\/v2\/pages\/746\"><input type=\"hidden\" name=\"url_referer\" value=\"\"><button type=\"submit\" name=\"wpforms[submit]\" id=\"wpforms-submit-394\" class=\"wpforms-submit\" data-alt-text=\"G\u00f6nderiliyor...\" data-submit-text=\"G\u00f6nderildi\" aria-live=\"assertive\" value=\"wpforms-submit\">G\u00f6nderildi<\/button><img decoding=\"async\" src=\"https:\/\/gelecekyolumedikal.com\/wp-content\/plugins\/wpforms-lite\/assets\/images\/submit-spin.svg\" class=\"wpforms-submit-spinner\" style=\"display: none;\" width=\"26\" height=\"26\" alt=\"Y\u00fckleniyor\"><\/div><\/form><\/div>  <!-- .wpforms-container -->\t<\/div>\n\t\t\t\t\t\t<\/div>\n\t\t\t\t<\/div>\n\t\t<div class=\"elementor-element elementor-element-f7f7f6b e-con-full e-flex e-con e-child\" data-id=\"f7f7f6b\" data-element_type=\"container\" data-e-type=\"container\">\n\t\t<div class=\"elementor-element elementor-element-6828388 e-flex e-con-boxed e-con e-child\" data-id=\"6828388\" data-element_type=\"container\" data-e-type=\"container\">\n\t\t\t\t\t<div class=\"e-con-inner\">\n\t\t\t\t<div class=\"elementor-element elementor-element-dca5f99 elementor-widget elementor-widget-heading\" data-id=\"dca5f99\" data-element_type=\"widget\" data-e-type=\"widget\" data-widget_type=\"heading.default\">\n\t\t\t\t\t<h2 class=\"elementor-heading-title elementor-size-default\">\u00c7al\u0131\u015fma saatleri<\/h2>\t\t\t\t<\/div>\n\t\t\t\t\t<\/div>\n\t\t\t\t<\/div>\n\t\t<div class=\"elementor-element elementor-element-6ece5c1 e-flex e-con-boxed e-con e-child\" data-id=\"6ece5c1\" data-element_type=\"container\" data-e-type=\"container\">\n\t\t\t\t\t<div class=\"e-con-inner\">\n\t\t<div class=\"elementor-element elementor-element-1050e2e e-grid e-con-boxed e-con e-child\" data-id=\"1050e2e\" data-element_type=\"container\" data-e-type=\"container\">\n\t\t\t\t\t<div class=\"e-con-inner\">\n\t\t\t\t<div class=\"elementor-element elementor-element-a57c13b elementor-widget elementor-widget-text-editor\" data-id=\"a57c13b\" data-element_type=\"widget\" data-e-type=\"widget\" data-widget_type=\"text-editor.default\">\n\t\t\t\t\t\t\t\t\t<p style=\"text-align: center;\">Pazartesi<\/p><p style=\"text-align: center;\">Sal\u0131<\/p><p style=\"text-align: center;\">\u00c7ar\u015famba<\/p><p style=\"text-align: center;\">Per\u015fembe<\/p><p style=\"text-align: center;\">Cuma<\/p>\t\t\t\t\t\t\t\t<\/div>\n\t\t\t\t<div class=\"elementor-element elementor-element-1834eea elementor-widget elementor-widget-text-editor\" data-id=\"1834eea\" data-element_type=\"widget\" data-e-type=\"widget\" data-widget_type=\"text-editor.default\">\n\t\t\t\t\t\t\t\t\t<p style=\"text-align: center;\">10:00 Sabah &#8211; 18:00 Ak\u015fam<\/p><p style=\"text-align: center;\">10:00 Sabah &#8211; 18:00 Ak\u015fam<\/p><p style=\"text-align: center;\">10:00 Sabah &#8211; 18:00 Ak\u015fam<\/p><p style=\"text-align: center;\">10:00 Sabah &#8211; 18:00 Ak\u015fam<\/p><p style=\"text-align: center;\">10:00 Sabah &#8211; 18:00 Ak\u015fam<\/p>\t\t\t\t\t\t\t\t<\/div>\n\t\t\t\t\t<\/div>\n\t\t\t\t<\/div>\n\t\t\t\t<div class=\"elementor-element elementor-element-714ad91 elementor-widget elementor-widget-heading\" data-id=\"714ad91\" data-element_type=\"widget\" data-e-type=\"widget\" data-widget_type=\"heading.default\">\n\t\t\t\t\t<h2 class=\"elementor-heading-title elementor-size-default\">Sosyal Medyada<\/h2>\t\t\t\t<\/div>\n\t\t<div class=\"elementor-element elementor-element-4924594 e-flex e-con-boxed e-con e-child\" data-id=\"4924594\" data-element_type=\"container\" data-e-type=\"container\">\n\t\t\t\t\t<div class=\"e-con-inner\">\n\t\t\t\t<div class=\"elementor-element elementor-element-4393973 elementor-shape-rounded elementor-grid-0 e-grid-align-center elementor-widget elementor-widget-social-icons\" data-id=\"4393973\" data-element_type=\"widget\" data-e-type=\"widget\" data-widget_type=\"social-icons.default\">\n\t\t\t\t\t\t\t<div class=\"elementor-social-icons-wrapper elementor-grid\" role=\"list\">\n\t\t\t\t\t\t\t<span class=\"elementor-grid-item\" role=\"listitem\">\n\t\t\t\t\t<a class=\"elementor-icon elementor-social-icon elementor-social-icon-facebook elementor-repeater-item-1b997ca\" target=\"_blank\">\n\t\t\t\t\t\t<span class=\"elementor-screen-only\">Facebook<\/span>\n\t\t\t\t\t\t<svg aria-hidden=\"true\" class=\"e-font-icon-svg e-fab-facebook\" viewBox=\"0 0 512 512\" xmlns=\"http:\/\/www.w3.org\/2000\/svg\"><path d=\"M504 256C504 119 393 8 256 8S8 119 8 256c0 123.78 90.69 226.38 209.25 245V327.69h-63V256h63v-54.64c0-62.15 37-96.48 93.67-96.48 27.14 0 55.52 4.84 55.52 4.84v61h-31.28c-30.8 0-40.41 19.12-40.41 38.73V256h68.78l-11 71.69h-57.78V501C413.31 482.38 504 379.78 504 256z\"><\/path><\/svg>\t\t\t\t\t<\/a>\n\t\t\t\t<\/span>\n\t\t\t\t\t\t\t<span class=\"elementor-grid-item\" role=\"listitem\">\n\t\t\t\t\t<a class=\"elementor-icon elementor-social-icon elementor-social-icon-instagram elementor-repeater-item-df6365d\" target=\"_blank\">\n\t\t\t\t\t\t<span class=\"elementor-screen-only\">Instagram<\/span>\n\t\t\t\t\t\t<svg aria-hidden=\"true\" class=\"e-font-icon-svg e-fab-instagram\" viewBox=\"0 0 448 512\" xmlns=\"http:\/\/www.w3.org\/2000\/svg\"><path d=\"M224.1 141c-63.6 0-114.9 51.3-114.9 114.9s51.3 114.9 114.9 114.9S339 319.5 339 255.9 287.7 141 224.1 141zm0 189.6c-41.1 0-74.7-33.5-74.7-74.7s33.5-74.7 74.7-74.7 74.7 33.5 74.7 74.7-33.6 74.7-74.7 74.7zm146.4-194.3c0 14.9-12 26.8-26.8 26.8-14.9 0-26.8-12-26.8-26.8s12-26.8 26.8-26.8 26.8 12 26.8 26.8zm76.1 27.2c-1.7-35.9-9.9-67.7-36.2-93.9-26.2-26.2-58-34.4-93.9-36.2-37-2.1-147.9-2.1-184.9 0-35.8 1.7-67.6 9.9-93.9 36.1s-34.4 58-36.2 93.9c-2.1 37-2.1 147.9 0 184.9 1.7 35.9 9.9 67.7 36.2 93.9s58 34.4 93.9 36.2c37 2.1 147.9 2.1 184.9 0 35.9-1.7 67.7-9.9 93.9-36.2 26.2-26.2 34.4-58 36.2-93.9 2.1-37 2.1-147.8 0-184.8zM398.8 388c-7.8 19.6-22.9 34.7-42.6 42.6-29.5 11.7-99.5 9-132.1 9s-102.7 2.6-132.1-9c-19.6-7.8-34.7-22.9-42.6-42.6-11.7-29.5-9-99.5-9-132.1s-2.6-102.7 9-132.1c7.8-19.6 22.9-34.7 42.6-42.6 29.5-11.7 99.5-9 132.1-9s102.7-2.6 132.1 9c19.6 7.8 34.7 22.9 42.6 42.6 11.7 29.5 9 99.5 9 132.1s2.7 102.7-9 132.1z\"><\/path><\/svg>\t\t\t\t\t<\/a>\n\t\t\t\t<\/span>\n\t\t\t\t\t<\/div>\n\t\t\t\t\t\t<\/div>\n\t\t\t\t\t<\/div>\n\t\t\t\t<\/div>\n\t\t\t\t\t<\/div>\n\t\t\t\t<\/div>\n\t\t\t\t<\/div>\n\t\t\t\t\t<\/div>\n\t\t\t\t<\/div>\n\t\t\t\t<\/div>\n\t\t","protected":false},"excerpt":{"rendered":"<p>Bize Ula\u015f\u0131n \u0130leti\u015fim Detaylar\u0131 Konumu Bul: Ye\u015filyurt, S\u00fcsen Sk. No:2 D1, 34149 Bak\u0131rk\u00f6y\/\u0130stanbul Bizi Ara 24\/7 +90 536 707 32 [&hellip;]<\/p>\n","protected":false},"author":1,"featured_media":0,"parent":0,"menu_order":0,"comment_status":"closed","ping_status":"closed","template":"","meta":{"site-sidebar-layout":"no-sidebar","site-content-layout":"","ast-site-content-layout":"full-width-container","site-content-style":"default","site-sidebar-style":"default","ast-global-header-display":"","ast-banner-title-visibility":"","ast-main-header-display":"","ast-hfb-above-header-display":"","ast-hfb-below-header-display":"","ast-hfb-mobile-header-display":"","site-post-title":"disabled","ast-breadcrumbs-content":"","ast-featured-img":"disabled","footer-sml-layout":"","ast-disable-related-posts":"","theme-transparent-header-meta":"","adv-header-id-meta":"","stick-header-meta":"","header-above-stick-meta":"","header-main-stick-meta":"","header-below-stick-meta":"","astra-migrate-meta-layouts":"default","ast-page-background-enabled":"default","ast-page-background-meta":{"desktop":{"background-color":"var(--ast-global-color-4)","background-image":"","background-repeat":"repeat","background-position":"center center","background-size":"auto","background-attachment":"scroll","background-type":"","background-media":"","overlay-type":"","overlay-color":"","overlay-opacity":"","overlay-gradient":""},"tablet":{"background-color":"","background-image":"","background-repeat":"repeat","background-position":"center center","background-size":"auto","background-attachment":"scroll","background-type":"","background-media":"","overlay-type":"","overlay-color":"","overlay-opacity":"","overlay-gradient":""},"mobile":{"background-color":"","background-image":"","background-repeat":"repeat","background-position":"center center","background-size":"auto","background-attachment":"scroll","background-type":"","background-media":"","overlay-type":"","overlay-color":"","overlay-opacity":"","overlay-gradient":""}},"ast-content-background-meta":{"desktop":{"background-color":"var(--ast-global-color-5)","background-image":"","background-repeat":"repeat","background-position":"center center","background-size":"auto","background-attachment":"scroll","background-type":"","background-media":"","overlay-type":"","overlay-color":"","overlay-opacity":"","overlay-gradient":""},"tablet":{"background-color":"var(--ast-global-color-5)","background-image":"","background-repeat":"repeat","background-position":"center center","background-size":"auto","background-attachment":"scroll","background-type":"","background-media":"","overlay-type":"","overlay-color":"","overlay-opacity":"","overlay-gradient":""},"mobile":{"background-color":"var(--ast-global-color-5)","background-image":"","background-repeat":"repeat","background-position":"center center","background-size":"auto","background-attachment":"scroll","background-type":"","background-media":"","overlay-type":"","overlay-color":"","overlay-opacity":"","overlay-gradient":""}},"footnotes":""},"class_list":["post-746","page","type-page","status-publish","hentry"],"aioseo_notices":[],"rttpg_featured_image_url":null,"rttpg_author":{"display_name":"gelecekyolu","author_link":"https:\/\/gelecekyolumedikal.com\/tr\/author\/medikalmhd07\/"},"rttpg_comment":0,"rttpg_category":" <a href=\"https:\/\/gelecekyolumedikal.com\/?taxonomy=translation_priority&#038;term=optional\" rel=\"tag\">Optional<\/a>","rttpg_excerpt":"Bize Ula\u015f\u0131n \u0130leti\u015fim Detaylar\u0131 Konumu Bul: Ye\u015filyurt, S\u00fcsen Sk. No:2 D1, 34149 Bak\u0131rk\u00f6y\/\u0130stanbul Bizi Ara 24\/7 +90 536 707 32 [&hellip;]","_links":{"self":[{"href":"https:\/\/gelecekyolumedikal.com\/tr\/wp-json\/wp\/v2\/pages\/746","targetHints":{"allow":["GET"]}}],"collection":[{"href":"https:\/\/gelecekyolumedikal.com\/tr\/wp-json\/wp\/v2\/pages"}],"about":[{"href":"https:\/\/gelecekyolumedikal.com\/tr\/wp-json\/wp\/v2\/types\/page"}],"author":[{"embeddable":true,"href":"https:\/\/gelecekyolumedikal.com\/tr\/wp-json\/wp\/v2\/users\/1"}],"replies":[{"embeddable":true,"href":"https:\/\/gelecekyolumedikal.com\/tr\/wp-json\/wp\/v2\/comments?post=746"}],"version-history":[{"count":31,"href":"https:\/\/gelecekyolumedikal.com\/tr\/wp-json\/wp\/v2\/pages\/746\/revisions"}],"predecessor-version":[{"id":1416,"href":"https:\/\/gelecekyolumedikal.com\/tr\/wp-json\/wp\/v2\/pages\/746\/revisions\/1416"}],"wp:attachment":[{"href":"https:\/\/gelecekyolumedikal.com\/tr\/wp-json\/wp\/v2\/media?parent=746"}],"curies":[{"name":"wp","href":"https:\/\/api.w.org\/{rel}","templated":true}]}}