{"id":1084,"date":"2024-04-11T15:53:20","date_gmt":"2024-04-11T15:53:20","guid":{"rendered":"https:\/\/gelecekyolumedikal.com\/?page_id=1084"},"modified":"2024-04-11T20:10:06","modified_gmt":"2024-04-11T20:10:06","slug":"blog-sayfa","status":"publish","type":"page","link":"https:\/\/gelecekyolumedikal.com\/tr\/blog-sayfa\/","title":{"rendered":"Blog Sayfa"},"content":{"rendered":"\t\t<div data-elementor-type=\"wp-page\" data-elementor-id=\"1084\" class=\"elementor elementor-1084 elementor-986\" wpc-filter-elementor-widget=\"1\" data-elementor-post-type=\"page\">\n\t\t\t\t<div class=\"elementor-element elementor-element-0f5a10c e-con-full e-flex e-con e-parent\" data-id=\"0f5a10c\" data-element_type=\"container\" data-e-type=\"container\">\n\t\t\t\t<div class=\"elementor-element elementor-element-d9fe3a4 elementor-widget__width-inherit elementor--h-position-center elementor--v-position-middle elementor-arrows-position-inside elementor-pagination-position-inside elementor-widget elementor-widget-slides\" data-id=\"d9fe3a4\" data-element_type=\"widget\" data-e-type=\"widget\" data-settings=\"{&quot;navigation&quot;:&quot;both&quot;,&quot;autoplay&quot;:&quot;yes&quot;,&quot;pause_on_hover&quot;:&quot;yes&quot;,&quot;pause_on_interaction&quot;:&quot;yes&quot;,&quot;autoplay_speed&quot;:5000,&quot;infinite&quot;:&quot;yes&quot;,&quot;transition&quot;:&quot;slide&quot;,&quot;transition_speed&quot;:500}\" data-widget_type=\"slides.default\">\n\t\t\t\t\t\t\t\t\t\t<div class=\"elementor-slides-wrapper elementor-main-swiper swiper\" role=\"region\" aria-roledescription=\"carousel\" aria-label=\"Slides\" dir=\"ltr\" data-animation=\"fadeInUp\">\n\t\t\t\t<div class=\"swiper-wrapper elementor-slides\">\n\t\t\t\t\t\t\t\t\t\t<div class=\"elementor-repeater-item-623fb4b swiper-slide\" role=\"group\" aria-roledescription=\"slide\"><div class=\"swiper-slide-bg\" role=\"img\"><\/div><div class=\"elementor-background-overlay\"><\/div><div class=\"swiper-slide-inner\" ><div class=\"swiper-slide-contents\"><div class=\"elementor-slide-heading\">Sa\u011fl\u0131k Blogu<\/div><\/div><\/div><\/div>\t\t\t\t<\/div>\n\t\t\t\t\t\t\t<\/div>\n\t\t\t\t\t\t\t\t<\/div>\n\t\t\t\t<\/div>\n\t\t<div class=\"elementor-element elementor-element-2205e5c e-flex e-con-boxed e-con e-parent\" data-id=\"2205e5c\" data-element_type=\"container\" data-e-type=\"container\">\n\t\t\t\t\t<div class=\"e-con-inner\">\n\t\t<div class=\"elementor-element elementor-element-b12e0ae e-con-full e-flex e-con e-child\" data-id=\"b12e0ae\" data-element_type=\"container\" data-e-type=\"container\">\n\t\t\t\t<div class=\"elementor-element elementor-element-b891043 elementor-widget elementor-widget-heading\" data-id=\"b891043\" data-element_type=\"widget\" data-e-type=\"widget\" data-widget_type=\"heading.default\">\n\t\t\t\t\t<h2 class=\"elementor-heading-title elementor-size-default\">BLog<\/h2>\t\t\t\t<\/div>\n\t\t\t\t<\/div>\n\t\t<div class=\"elementor-element elementor-element-04d3b71 e-con-full e-flex e-con e-child\" data-id=\"04d3b71\" data-element_type=\"container\" data-e-type=\"container\">\n\t\t\t\t<div class=\"elementor-element elementor-element-c33e7ce elementor-widget-divider--view-line elementor-widget elementor-widget-divider\" data-id=\"c33e7ce\" data-element_type=\"widget\" data-e-type=\"widget\" data-widget_type=\"divider.default\">\n\t\t\t\t\t\t\t<div class=\"elementor-divider\">\n\t\t\t<span class=\"elementor-divider-separator\">\n\t\t\t\t\t\t<\/span>\n\t\t<\/div>\n\t\t\t\t\t\t<\/div>\n\t\t\t\t<\/div>\n\t\t\t\t\t<\/div>\n\t\t\t\t<\/div>\n\t\t<div class=\"elementor-element elementor-element-8a6db87 e-con-full e-flex e-con e-parent\" data-id=\"8a6db87\" data-element_type=\"container\" data-e-type=\"container\">\n\t\t<div class=\"elementor-element elementor-element-ecc1f15 e-con-full e-flex e-con e-child\" data-id=\"ecc1f15\" data-element_type=\"container\" data-e-type=\"container\">\n\t\t\t\t<div class=\"elementor-element elementor-element-05b019c uael-post__news-stack-no elementor-widget elementor-widget-uael-posts\" data-id=\"05b019c\" data-element_type=\"widget\" data-e-type=\"widget\" data-settings=\"{&quot;news_slides_to_show&quot;:1,&quot;news_slides_to_show_tablet&quot;:2,&quot;news_slides_to_show_mobile&quot;:1}\" data-widget_type=\"uael-posts.news\">\n\t\t\t\t<div class=\"elementor-widget-container\">\n\t\t\t\t\t\t\t<div class=\"uael-post__header\">\n\t\t\t\t\t<\/div>\n\t\t<div class=\"uael-post__body\">\n\t\t\t\n\t\t<div class=\"uael-post-image-left uael-post-grid uael-posts uael-post_structure-featured uael-featured_post_structure-\" data-query-type=\"custom\" data-structure=\"featured\" data-layout=\"\" data-page=\"0\" data-skin=\"news\" data-filter-default=\"\" data-offset-top=\"30\" >\n\n\t\t\t\n\n<div class=\"uael-post-wrapper   uael-post-wrapper-featured saglik \">\n\t<div class=\"uael-post__bg-wrap\">\n\t\t\n\t\t\n\t\t<div class=\"uael-post__inner-wrap\">\n\n\t\t\t\t<div class=\"uael-post__thumbnail\">\n\t\t\t<a target=\"_self\" href=\"https:\/\/gelecekyolumedikal.com\/tr\/tibbi-malzemelerin-saglik-hizmetindeki-onemi\/\" title=\"T\u0131bbi Malzemelerin Sa\u011fl\u0131k Hizmetindeki \u00d6nemi\" style=\"background-image: url(&#039;https:\/\/gelecekyolumedikal.com\/wp-content\/uploads\/2024\/04\/chemist-sits-his-workplace-laboratory-analyze-coronavirus-computer-dressed-ppe-scaled.jpg&#039;);\">\n\t\t\t\t\t\t\t\t<\/a>\n\t\t<\/div>\n\t\t\n\t\t\t\n\t\t\t<div class=\"uael-post__content-wrap \">\n\t\t\t\t<div class=\"uael-post__terms-wrap\">\n\t\t\t\t\t\t\t\t\t<\/div>\n\t\t\t\t\t<h5 class=\"uael-post__title\">\n\n\t\t\t\t\tT\u0131bbi Malzemelerin Sa\u011fl\u0131k Hizmetindeki \u00d6nemi\t\t\t\t<\/h5>\n\t\t\t\t\t<a class=\"uael-post__read-more elementor-button\" href=\"https:\/\/gelecekyolumedikal.com\/tr\/tibbi-malzemelerin-saglik-hizmetindeki-onemi\/\" target=\"_self\" aria-labelledby=\"uael-post-1123\">\n\t\t\t\t\t<span class=\"elementor-button-content-wrapper\">\n\t\t\t\t\t\t\t\t\t\t\t\t\t\t<span class=\"elementor-button-icon elementor-align-icon-left\">\n\n\t\t\t\t\t\t\t\t\t\n\t\t\t\t\t\t\t\t<\/span>\n\t\t\t\t\t\t\t\t\t\t\t\t\t\n\t\t\t\t\t\t<span class=\"elementor-button-text\" id=uael-post-1123>Read More \u2192<\/span>\n\t\t\t\t\t<\/span>\n\t\t\t\t<\/a>\n\t\t\t\t\t\t<\/div>\n\t\t\t\n\t\t<\/div>\n\t\t\n\t<\/div>\n\n<\/div>\n\n\t\t\t\t\t\t<div class=\"uael-post-grid__inner uael-post__columns-1 uael-post__columns-tablet-2 uael-post__columns-mobile-1\">\n\t\t\t\n\n<div class=\"uael-post-wrapper   saglik \">\n\t<div class=\"uael-post__bg-wrap\">\n\t\t\n\t\t\n\t\t<div class=\"uael-post__inner-wrap\">\n\n\t\t\t\t<div class=\"uael-post__thumbnail\">\n\t\t\t<a target=\"_self\" href=\"https:\/\/gelecekyolumedikal.com\/tr\/tibbi-malzemeler-cesitleri-onemi-ve-kalite-kontrolu\/\" title=\"T\u0131bbi Malzemeler: \u00c7e\u015fitleri, \u00d6nemi ve Kalite Kontrol\u00fc\" style=\"background-image: url(&#039;https:\/\/gelecekyolumedikal.com\/wp-content\/uploads\/2024\/04\/top-view-pills-stethoscope-arrangement-scaled.jpg&#039;);\">\n\t\t\t\t\t\t\t\t<\/a>\n\t\t<\/div>\n\t\t\n\t\t\t\n\t\t\t<div class=\"uael-post__content-wrap \">\n\t\t\t\t<div class=\"uael-post__terms-wrap\">\n\t\t\t\t\t\t\t\t\t<\/div>\n\t\t\t\t\t<h5 class=\"uael-post__title\">\n\n\t\t\t\t\tT\u0131bbi Malzemeler: \u00c7e\u015fitleri, \u00d6nemi ve Kalite Kontrol\u00fc\t\t\t\t<\/h5>\n\t\t\t\t\t<a class=\"uael-post__read-more elementor-button\" href=\"https:\/\/gelecekyolumedikal.com\/tr\/tibbi-malzemeler-cesitleri-onemi-ve-kalite-kontrolu\/\" target=\"_self\" aria-labelledby=\"uael-post-1128\">\n\t\t\t\t\t<span class=\"elementor-button-content-wrapper\">\n\t\t\t\t\t\t\t\t\t\t\t\t\t\t<span class=\"elementor-button-icon elementor-align-icon-left\">\n\n\t\t\t\t\t\t\t\t\t\n\t\t\t\t\t\t\t\t<\/span>\n\t\t\t\t\t\t\t\t\t\t\t\t\t\n\t\t\t\t\t\t<span class=\"elementor-button-text\" id=uael-post-1128>Read More \u2192<\/span>\n\t\t\t\t\t<\/span>\n\t\t\t\t<\/a>\n\t\t\t\t\t\t<\/div>\n\t\t\t\n\t\t<\/div>\n\t\t\n\t<\/div>\n\n<\/div>\n\n\n<div class=\"uael-post-wrapper   saglik \">\n\t<div class=\"uael-post__bg-wrap\">\n\t\t\n\t\t\n\t\t<div class=\"uael-post__inner-wrap\">\n\n\t\t\t\t<div class=\"uael-post__thumbnail\">\n\t\t\t<a target=\"_self\" href=\"https:\/\/gelecekyolumedikal.com\/tr\/tibbi-malzemelerin-saglik-hizmetlerinde-kaliteye-katkisi\/\" title=\"T\u0131bbi Malzemelerin Sa\u011fl\u0131k Hizmetlerinde Kaliteye Katk\u0131s\u0131\" style=\"background-image: url(&#039;https:\/\/gelecekyolumedikal.com\/wp-content\/uploads\/2024\/04\/monitor-hospital-ward-showing-bmp-from-patient-scaled.jpg&#039;);\">\n\t\t\t\t\t\t\t\t<\/a>\n\t\t<\/div>\n\t\t\n\t\t\t\n\t\t\t<div class=\"uael-post__content-wrap \">\n\t\t\t\t<div class=\"uael-post__terms-wrap\">\n\t\t\t\t\t\t\t\t\t<\/div>\n\t\t\t\t\t<h5 class=\"uael-post__title\">\n\n\t\t\t\t\tT\u0131bbi Malzemelerin Sa\u011fl\u0131k Hizmetlerinde Kaliteye Katk\u0131s\u0131\t\t\t\t<\/h5>\n\t\t\t\t\t<a class=\"uael-post__read-more elementor-button\" href=\"https:\/\/gelecekyolumedikal.com\/tr\/tibbi-malzemelerin-saglik-hizmetlerinde-kaliteye-katkisi\/\" target=\"_self\" aria-labelledby=\"uael-post-1134\">\n\t\t\t\t\t<span class=\"elementor-button-content-wrapper\">\n\t\t\t\t\t\t\t\t\t\t\t\t\t\t<span class=\"elementor-button-icon elementor-align-icon-left\">\n\n\t\t\t\t\t\t\t\t\t\n\t\t\t\t\t\t\t\t<\/span>\n\t\t\t\t\t\t\t\t\t\t\t\t\t\n\t\t\t\t\t\t<span class=\"elementor-button-text\" id=uael-post-1134>Read More \u2192<\/span>\n\t\t\t\t\t<\/span>\n\t\t\t\t<\/a>\n\t\t\t\t\t\t<\/div>\n\t\t\t\n\t\t<\/div>\n\t\t\n\t<\/div>\n\n<\/div>\n\n\n<div class=\"uael-post-wrapper   saglik \">\n\t<div class=\"uael-post__bg-wrap\">\n\t\t\n\t\t\n\t\t<div class=\"uael-post__inner-wrap\">\n\n\t\t\t\t<div class=\"uael-post__thumbnail\">\n\t\t\t<a target=\"_self\" href=\"https:\/\/gelecekyolumedikal.com\/tr\/yara-bakim-malzemeleri-temel-ogeler\/\" title=\"Yara Bak\u0131m Malzemeleri: Temel \u00d6\u011feler\" style=\"background-image: url(&#039;https:\/\/gelecekyolumedikal.com\/wp-content\/uploads\/2024\/04\/skin-allergy-person-s-arm-1-scaled.jpg&#039;);\">\n\t\t\t\t\t\t\t\t<\/a>\n\t\t<\/div>\n\t\t\n\t\t\t\n\t\t\t<div class=\"uael-post__content-wrap \">\n\t\t\t\t<div class=\"uael-post__terms-wrap\">\n\t\t\t\t\t\t\t\t\t<\/div>\n\t\t\t\t\t<h5 class=\"uael-post__title\">\n\n\t\t\t\t\tYara Bak\u0131m Malzemeleri: Temel \u00d6\u011feler\t\t\t\t<\/h5>\n\t\t\t\t\t<a class=\"uael-post__read-more elementor-button\" href=\"https:\/\/gelecekyolumedikal.com\/tr\/yara-bakim-malzemeleri-temel-ogeler\/\" target=\"_self\" aria-labelledby=\"uael-post-1139\">\n\t\t\t\t\t<span class=\"elementor-button-content-wrapper\">\n\t\t\t\t\t\t\t\t\t\t\t\t\t\t<span class=\"elementor-button-icon elementor-align-icon-left\">\n\n\t\t\t\t\t\t\t\t\t\n\t\t\t\t\t\t\t\t<\/span>\n\t\t\t\t\t\t\t\t\t\t\t\t\t\n\t\t\t\t\t\t<span class=\"elementor-button-text\" id=uael-post-1139>Read More \u2192<\/span>\n\t\t\t\t\t<\/span>\n\t\t\t\t<\/a>\n\t\t\t\t\t\t<\/div>\n\t\t\t\n\t\t<\/div>\n\t\t\n\t<\/div>\n\n<\/div>\n\t\t\t\t<\/div>\n\t\t\t\n\t\t<\/div>\n\t\t\t\t<\/div>\n\t\t<div class=\"uael-post__footer\">\n\t\t\t\t\t<\/div>\n\t\t\t\t\t\t<\/div>\n\t\t\t\t<\/div>\n\t\t\t\t<div class=\"elementor-element elementor-element-305c7b3 elementor-widget elementor-widget-heading\" data-id=\"305c7b3\" data-element_type=\"widget\" data-e-type=\"widget\" data-widget_type=\"heading.default\">\n\t\t\t\t\t<h2 class=\"elementor-heading-title elementor-size-default\">Sheard social media <\/h2>\t\t\t\t<\/div>\n\t\t\t\t<\/div>\n\t\t\t\t<\/div>\n\t\t<div class=\"elementor-element elementor-element-ea6eccc e-flex e-con-boxed e-con e-parent\" data-id=\"ea6eccc\" data-element_type=\"container\" data-e-type=\"container\">\n\t\t\t\t\t<div class=\"e-con-inner\">\n\t\t\t\t<div class=\"elementor-element elementor-element-59ee380 elementor-share-buttons--align-center elementor-widget__width-inherit elementor-share-buttons--view-icon-text elementor-share-buttons--skin-gradient elementor-share-buttons--shape-square elementor-grid-0 elementor-share-buttons--color-official elementor-widget elementor-widget-share-buttons\" data-id=\"59ee380\" data-element_type=\"widget\" data-e-type=\"widget\" data-widget_type=\"share-buttons.default\">\n\t\t\t\t\t\t\t<div class=\"elementor-grid\">\n\t\t\t\t\t\t\t\t<div class=\"elementor-grid-item\">\n\t\t\t\t\t\t<div\n\t\t\t\t\t\t\tclass=\"elementor-share-btn elementor-share-btn_facebook\"\n\t\t\t\t\t\t\trole=\"button\"\n\t\t\t\t\t\t\ttabindex=\"0\"\n\t\t\t\t\t\t\taria-label=\"Share on facebook\"\n\t\t\t\t\t\t>\n\t\t\t\t\t\t\t\t\t\t\t\t\t\t\t<span class=\"elementor-share-btn__icon\">\n\t\t\t\t\t\t\t\t<svg class=\"e-font-icon-svg e-fab-facebook\" viewBox=\"0 0 512 512\" xmlns=\"http:\/\/www.w3.org\/2000\/svg\"><path d=\"M504 256C504 119 393 8 256 8S8 119 8 256c0 123.78 90.69 226.38 209.25 245V327.69h-63V256h63v-54.64c0-62.15 37-96.48 93.67-96.48 27.14 0 55.52 4.84 55.52 4.84v61h-31.28c-30.8 0-40.41 19.12-40.41 38.73V256h68.78l-11 71.69h-57.78V501C413.31 482.38 504 379.78 504 256z\"><\/path><\/svg>\t\t\t\t\t\t\t<\/span>\n\t\t\t\t\t\t\t\t\t\t\t\t\t\t\t\t\t\t\t\t\t\t<div class=\"elementor-share-btn__text\">\n\t\t\t\t\t\t\t\t\t\t\t\t\t\t\t\t\t\t\t<span class=\"elementor-share-btn__title\">\n\t\t\t\t\t\t\t\t\t\tFacebook\t\t\t\t\t\t\t\t\t<\/span>\n\t\t\t\t\t\t\t\t\t\t\t\t\t\t\t\t\t<\/div>\n\t\t\t\t\t\t\t\t\t\t\t\t\t<\/div>\n\t\t\t\t\t<\/div>\n\t\t\t\t\t\t\t\t\t<div class=\"elementor-grid-item\">\n\t\t\t\t\t\t<div\n\t\t\t\t\t\t\tclass=\"elementor-share-btn elementor-share-btn_twitter\"\n\t\t\t\t\t\t\trole=\"button\"\n\t\t\t\t\t\t\ttabindex=\"0\"\n\t\t\t\t\t\t\taria-label=\"Share on twitter\"\n\t\t\t\t\t\t>\n\t\t\t\t\t\t\t\t\t\t\t\t\t\t\t<span class=\"elementor-share-btn__icon\">\n\t\t\t\t\t\t\t\t<svg class=\"e-font-icon-svg e-fab-twitter\" viewBox=\"0 0 512 512\" xmlns=\"http:\/\/www.w3.org\/2000\/svg\"><path d=\"M459.37 151.716c.325 4.548.325 9.097.325 13.645 0 138.72-105.583 298.558-298.558 298.558-59.452 0-114.68-17.219-161.137-47.106 8.447.974 16.568 1.299 25.34 1.299 49.055 0 94.213-16.568 130.274-44.832-46.132-.975-84.792-31.188-98.112-72.772 6.498.974 12.995 1.624 19.818 1.624 9.421 0 18.843-1.3 27.614-3.573-48.081-9.747-84.143-51.98-84.143-102.985v-1.299c13.969 7.797 30.214 12.67 47.431 13.319-28.264-18.843-46.781-51.005-46.781-87.391 0-19.492 5.197-37.36 14.294-52.954 51.655 63.675 129.3 105.258 216.365 109.807-1.624-7.797-2.599-15.918-2.599-24.04 0-57.828 46.782-104.934 104.934-104.934 30.213 0 57.502 12.67 76.67 33.137 23.715-4.548 46.456-13.32 66.599-25.34-7.798 24.366-24.366 44.833-46.132 57.827 21.117-2.273 41.584-8.122 60.426-16.243-14.292 20.791-32.161 39.308-52.628 54.253z\"><\/path><\/svg>\t\t\t\t\t\t\t<\/span>\n\t\t\t\t\t\t\t\t\t\t\t\t\t\t\t\t\t\t\t\t\t\t<div class=\"elementor-share-btn__text\">\n\t\t\t\t\t\t\t\t\t\t\t\t\t\t\t\t\t\t\t<span class=\"elementor-share-btn__title\">\n\t\t\t\t\t\t\t\t\t\tTwitter\t\t\t\t\t\t\t\t\t<\/span>\n\t\t\t\t\t\t\t\t\t\t\t\t\t\t\t\t\t<\/div>\n\t\t\t\t\t\t\t\t\t\t\t\t\t<\/div>\n\t\t\t\t\t<\/div>\n\t\t\t\t\t\t\t\t\t<div class=\"elementor-grid-item\">\n\t\t\t\t\t\t<div\n\t\t\t\t\t\t\tclass=\"elementor-share-btn elementor-share-btn_linkedin\"\n\t\t\t\t\t\t\trole=\"button\"\n\t\t\t\t\t\t\ttabindex=\"0\"\n\t\t\t\t\t\t\taria-label=\"Share on linkedin\"\n\t\t\t\t\t\t>\n\t\t\t\t\t\t\t\t\t\t\t\t\t\t\t<span class=\"elementor-share-btn__icon\">\n\t\t\t\t\t\t\t\t<svg class=\"e-font-icon-svg e-fab-linkedin\" viewBox=\"0 0 448 512\" xmlns=\"http:\/\/www.w3.org\/2000\/svg\"><path d=\"M416 32H31.9C14.3 32 0 46.5 0 64.3v383.4C0 465.5 14.3 480 31.9 480H416c17.6 0 32-14.5 32-32.3V64.3c0-17.8-14.4-32.3-32-32.3zM135.4 416H69V202.2h66.5V416zm-33.2-243c-21.3 0-38.5-17.3-38.5-38.5S80.9 96 102.2 96c21.2 0 38.5 17.3 38.5 38.5 0 21.3-17.2 38.5-38.5 38.5zm282.1 243h-66.4V312c0-24.8-.5-56.7-34.5-56.7-34.6 0-39.9 27-39.9 54.9V416h-66.4V202.2h63.7v29.2h.9c8.9-16.8 30.6-34.5 62.9-34.5 67.2 0 79.7 44.3 79.7 101.9V416z\"><\/path><\/svg>\t\t\t\t\t\t\t<\/span>\n\t\t\t\t\t\t\t\t\t\t\t\t\t\t\t\t\t\t\t\t\t\t<div class=\"elementor-share-btn__text\">\n\t\t\t\t\t\t\t\t\t\t\t\t\t\t\t\t\t\t\t<span class=\"elementor-share-btn__title\">\n\t\t\t\t\t\t\t\t\t\tLinkedIn\t\t\t\t\t\t\t\t\t<\/span>\n\t\t\t\t\t\t\t\t\t\t\t\t\t\t\t\t\t<\/div>\n\t\t\t\t\t\t\t\t\t\t\t\t\t<\/div>\n\t\t\t\t\t<\/div>\n\t\t\t\t\t\t<\/div>\n\t\t\t\t\t\t<\/div>\n\t\t\t\t\t<\/div>\n\t\t\t\t<\/div>\n\t\t\t\t<\/div>\n\t\t","protected":false},"excerpt":{"rendered":"<p>Sa\u011fl\u0131k Blogu BLog Sorry, we couldn&#8217;t find any posts. Please try a different search. Sheard social media Facebook Twitter LinkedIn<\/p>\n","protected":false},"author":1,"featured_media":0,"parent":0,"menu_order":0,"comment_status":"closed","ping_status":"closed","template":"","meta":{"site-sidebar-layout":"no-sidebar","site-content-layout":"","ast-site-content-layout":"full-width-container","site-content-style":"default","site-sidebar-style":"default","ast-global-header-display":"","ast-banner-title-visibility":"","ast-main-header-display":"","ast-hfb-above-header-display":"","ast-hfb-below-header-display":"","ast-hfb-mobile-header-display":"","site-post-title":"disabled","ast-breadcrumbs-content":"","ast-featured-img":"disabled","footer-sml-layout":"","ast-disable-related-posts":"","theme-transparent-header-meta":"","adv-header-id-meta":"","stick-header-meta":"","header-above-stick-meta":"","header-main-stick-meta":"","header-below-stick-meta":"","astra-migrate-meta-layouts":"default","ast-page-background-enabled":"default","ast-page-background-meta":{"desktop":{"background-color":"var(--ast-global-color-4)","background-image":"","background-repeat":"repeat","background-position":"center center","background-size":"auto","background-attachment":"scroll","background-type":"","background-media":"","overlay-type":"","overlay-color":"","overlay-opacity":"","overlay-gradient":""},"tablet":{"background-color":"","background-image":"","background-repeat":"repeat","background-position":"center center","background-size":"auto","background-attachment":"scroll","background-type":"","background-media":"","overlay-type":"","overlay-color":"","overlay-opacity":"","overlay-gradient":""},"mobile":{"background-color":"","background-image":"","background-repeat":"repeat","background-position":"center center","background-size":"auto","background-attachment":"scroll","background-type":"","background-media":"","overlay-type":"","overlay-color":"","overlay-opacity":"","overlay-gradient":""}},"ast-content-background-meta":{"desktop":{"background-color":"var(--ast-global-color-5)","background-image":"","background-repeat":"repeat","background-position":"center center","background-size":"auto","background-attachment":"scroll","background-type":"","background-media":"","overlay-type":"","overlay-color":"","overlay-opacity":"","overlay-gradient":""},"tablet":{"background-color":"var(--ast-global-color-5)","background-image":"","background-repeat":"repeat","background-position":"center center","background-size":"auto","background-attachment":"scroll","background-type":"","background-media":"","overlay-type":"","overlay-color":"","overlay-opacity":"","overlay-gradient":""},"mobile":{"background-color":"var(--ast-global-color-5)","background-image":"","background-repeat":"repeat","background-position":"center center","background-size":"auto","background-attachment":"scroll","background-type":"","background-media":"","overlay-type":"","overlay-color":"","overlay-opacity":"","overlay-gradient":""}},"footnotes":""},"class_list":["post-1084","page","type-page","status-publish","hentry"],"aioseo_notices":[],"rttpg_featured_image_url":null,"rttpg_author":{"display_name":"gelecekyolu","author_link":"https:\/\/gelecekyolumedikal.com\/tr\/author\/medikalmhd07\/"},"rttpg_comment":0,"rttpg_category":"","rttpg_excerpt":"Sa\u011fl\u0131k Blogu BLog Sorry, we couldn&#8217;t find any posts. Please try a different search. Sheard social media Facebook Twitter LinkedIn","_links":{"self":[{"href":"https:\/\/gelecekyolumedikal.com\/tr\/wp-json\/wp\/v2\/pages\/1084","targetHints":{"allow":["GET"]}}],"collection":[{"href":"https:\/\/gelecekyolumedikal.com\/tr\/wp-json\/wp\/v2\/pages"}],"about":[{"href":"https:\/\/gelecekyolumedikal.com\/tr\/wp-json\/wp\/v2\/types\/page"}],"author":[{"embeddable":true,"href":"https:\/\/gelecekyolumedikal.com\/tr\/wp-json\/wp\/v2\/users\/1"}],"replies":[{"embeddable":true,"href":"https:\/\/gelecekyolumedikal.com\/tr\/wp-json\/wp\/v2\/comments?post=1084"}],"version-history":[{"count":10,"href":"https:\/\/gelecekyolumedikal.com\/tr\/wp-json\/wp\/v2\/pages\/1084\/revisions"}],"predecessor-version":[{"id":1094,"href":"https:\/\/gelecekyolumedikal.com\/tr\/wp-json\/wp\/v2\/pages\/1084\/revisions\/1094"}],"wp:attachment":[{"href":"https:\/\/gelecekyolumedikal.com\/tr\/wp-json\/wp\/v2\/media?parent=1084"}],"curies":[{"name":"wp","href":"https:\/\/api.w.org\/{rel}","templated":true}]}}